{"id":6976,"date":"2025-09-27T18:20:39","date_gmt":"2025-09-27T18:20:39","guid":{"rendered":"https:\/\/transportnstore.com\/?page_id=6976"},"modified":"2025-09-27T18:37:48","modified_gmt":"2025-09-27T18:37:48","slug":"intermodal-transport","status":"publish","type":"page","link":"https:\/\/transportnstore.com\/es\/intermodal-transport\/","title":{"rendered":"TNS Transport LLC"},"content":{"rendered":"<div id=\"fws_69e796a10af1b\"  data-column-margin=\"default\" data-midnight=\"dark\"  class=\"wpb_row vc_row-fluid vc_row full-width-section\"  style=\"padding-top: 0px; padding-bottom: 0px; \"><div class=\"row-bg-wrap\" data-bg-animation=\"none\" data-bg-overlay=\"false\"><div class=\"inner-wrap\"><div class=\"row-bg\"  style=\"\"><\/div><\/div><\/div><div class=\"row_col_wrap_12 col span_12 dark left\">\n\t<div  class=\"vc_col-sm-12 wpb_column column_container vc_column_container col no-extra-padding inherit_tablet inherit_phone\"  data-padding-pos=\"all\" data-has-bg-color=\"false\" data-bg-color=\"\" data-bg-opacity=\"1\" data-animation=\"\" data-delay=\"0\" >\n\t\t<div class=\"vc_column-inner\" >\n\t\t\t<div class=\"wpb_wrapper\">\n\t\t\t\t<div data-midnight=\"nectar-slider\" class=\"parallax_slider_outer\"><div  data-transition=\"slide\" data-overall_style=\"classic\" data-flexible-height=\"true\" data-animate-in-effect=\"zoom-out\" data-fullscreen=\"true\" data-button-sizing=\"regular\" data-button-styling=\"btn_with_count\" data-autorotate=\"5000\" data-parallax=\"true\" data-parallax-disable-mobile=\"\" data-caption-trans=\"fade_in_from_bottom\" data-parallax-style=\"bg_only\" data-bg-animation=\"ken_burns\" data-full-width=\"true\" class=\"nectar-slider-wrap\" id=\"nectar-slider-instance-1\"><div class=\"swiper-container\"  data-tho=\"auto\" data-tco=\"auto\" data-pho=\"auto\" data-pco=\"auto\" data-loop=\"true\" data-height=\"650\" data-min-height=\"\" data-arrows=\"false\" data-bullets=\"true\" data-bullet_style=\"see_through\" data-bullet_position=\"bottom\" data-desktop-swipe=\"true\" data-settings=\"\"> <div class=\"swiper-wrapper\"><div class=\"swiper-slide\" data-desktop-content-width=\"auto\" data-tablet-content-width=\"auto\" data-bg-alignment=\"center\" data-color-scheme=\"light\" data-x-pos=\"left\" data-y-pos=\"middle\" ><div class=\"slide-bg-wrap\"><div class=\"image-bg\" data-nectar-img-src=\"https:\/\/transportnstore.com\/wp-content\/uploads\/2023\/08\/041vc2.jpg\"> &nbsp; <\/div><\/div><div class=\"container\">\r\n\t\t\t\t\t\t<div class=\"content\"><h2>TNS Transport LLC<\/h2><p  ><span>Desde el env\u00edo hasta el transporte por cami\u00f3n, nuestro experimentado equipo proporciona una transici\u00f3n fluida, minimizando el tiempo de manipulaci\u00f3n y maximizando la eficiencia.<\/span><\/p><div class=\"buttons\"><div class=\"button solid_color\">\r\n\t\t\t\t\t\t\t\t\t\t <a class=\"extra-color-1\" href=\"https:\/\/transportnstore.com\/es\/#form_home_ancla\">Solicite una Cotizaci\u00f3n<\/a>\r\n\t\t\t\t\t\t\t\t\t\t<\/div><\/div><\/div>\r\n\t\t\t\t\t\t\t\t<\/div><!--\/container--><div class=\"video-texture active_texture\"> <span class=\"ie-fix\"><\/span> <\/div><\/div> <!--\/swiper-slide--><\/div><div class=\"nectar-slider-loading\"> <span class=\"loading-icon none\">   <\/span> <\/div> <\/div> \r\n\t\t\t\t\t\r\n\t\t\t\t\t<\/div><\/div>\n\t\t\t<\/div> \n\t\t<\/div>\n\t<\/div> \n<\/div><\/div>\r\n\t\t<div id=\"fws_69e796a10cf19\"  data-column-margin=\"default\" data-midnight=\"dark\"  class=\"wpb_row vc_row-fluid vc_row full-width-content  vc_row-o-equal-height vc_row-flex  vc_row-o-content-top\"  style=\"padding-top: 0px; padding-bottom: 0px; \"><div class=\"row-bg-wrap\" data-bg-animation=\"none\" data-bg-overlay=\"true\"><div class=\"inner-wrap\"><div class=\"row-bg using-bg-color\"  style=\"background-color: #fed300; \"><\/div><\/div><div class=\"row-bg-overlay\" style=\"background-color:#000000;  opacity: 0.95; \"><\/div><\/div><div class=\"row_col_wrap_12 col span_12 dark left\">\n\t<div style=\"\" class=\"vc_col-sm-12 wpb_column column_container vc_column_container col no-extra-padding inherit_tablet inherit_phone\" data-using-bg=\"true\" data-padding-pos=\"all\" data-has-bg-color=\"true\" data-bg-color=\"#fed300\" data-bg-opacity=\"1\" data-animation=\"\" data-delay=\"0\" >\n\t\t<div class=\"vc_column-inner\" ><div class=\"column-bg-overlay-wrap\" data-bg-animation=\"none\"><div class=\"column-bg-overlay\" style=\"opacity: 1; background-color: #fed300;\"><\/div><\/div>\n\t\t\t<div class=\"wpb_wrapper\">\n\t\t\t\t<div class=\"divider-wrap\" data-alignment=\"default\"><div style=\"height: 40px;\" class=\"divider\"><\/div><\/div>\n\t\t\t<\/div> \n\t\t<\/div>\n\t<\/div> \n<\/div><\/div>\r\n\t\t<div id=\"fws_69e796a10d59a\"  data-column-margin=\"default\" data-midnight=\"dark\" data-top-percent=\"3%\" data-bottom-percent=\"3%\"  class=\"wpb_row vc_row-fluid vc_row full-width-section\"  style=\"padding-top: calc(100vw * 0.03); padding-bottom: calc(100vw * 0.03); \"><div class=\"row-bg-wrap\" data-bg-animation=\"none\" data-bg-overlay=\"false\"><div class=\"inner-wrap\"><div class=\"row-bg using-bg-color\"  style=\"background-color: #eaeaea; \"><\/div><\/div><\/div><div class=\"row_col_wrap_12 col span_12 dark left\">\n\t<div  class=\"vc_col-sm-12 wpb_column column_container vc_column_container col no-extra-padding inherit_tablet inherit_phone\"  data-padding-pos=\"all\" data-has-bg-color=\"false\" data-bg-color=\"\" data-bg-opacity=\"1\" data-animation=\"\" data-delay=\"0\" >\n\t\t<div class=\"vc_column-inner\" >\n\t\t\t<div class=\"wpb_wrapper\">\n\t\t\t\t<div id=\"servicio01\" data-midnight=\"\" data-column-margin=\"default\" class=\"wpb_row vc_row-fluid vc_row inner_row\"  style=\"\"><div class=\"row-bg-wrap\"> <div class=\"row-bg\" ><\/div> <\/div><div class=\"row_col_wrap_12_inner col span_12  left\">\n\t<div  class=\"vc_col-sm-2 wpb_column column_container vc_column_container col child_column no-extra-padding inherit_tablet inherit_phone\"   data-padding-pos=\"all\" data-has-bg-color=\"false\" data-bg-color=\"\" data-bg-opacity=\"1\" data-animation=\"\" data-delay=\"0\">\n\t\t<div class=\"vc_column-inner\" >\n\t\t<div class=\"wpb_wrapper\">\n\t\t\t\n\t\t<\/div> \n\t<\/div>\n\t<\/div> \n\n\t<div  class=\"vc_col-sm-8 wpb_column column_container vc_column_container col child_column has-animation no-extra-padding inherit_tablet inherit_phone\"   data-padding-pos=\"all\" data-has-bg-color=\"false\" data-bg-color=\"\" data-bg-opacity=\"1\" data-animation=\"reveal-from-left\" data-delay=\"180\">\n\t\t<div class=\"vc_column-inner\" >\n\t\t<div class=\"wpb_wrapper\">\n\t\t\t\r\n<div class=\"wpb_text_column wpb_content_element\" >\r\n\t<div class=\"wpb_wrapper\">\r\n\t\t<h2 class=\"vc_custom_heading wpb_animate_when_almost_visible wpb_fadeIn fadeIn animated wpb_start_animation\" style=\"text-align: center;\">TNS Transport LLC<\/h2>\n<p style=\"text-align: center;\">En Transport\u2019nStore, entendemos que un transporte sin interrupciones es fundamental para su negocio. Por eso ofrecemos un servicio integral de distribuci\u00f3n intermodal, dise\u00f1ado para optimizar su cadena de suministro y garantizar la entrega eficiente de sus mercanc\u00edas. Con nuestro equipo de \u00faltima generaci\u00f3n, un equipo de expertos y conexiones con el Puerto de Miami y el Puerto de Everglades, brindamos una variedad de soluciones adaptadas a sus necesidades espec\u00edficas.<\/p>\n\t<\/div>\r\n<\/div>\r\n\r\n\r\n\r\n<div class=\"divider-wrap\" data-alignment=\"default\"><div style=\"height: 10px;\" class=\"divider\"><\/div><\/div><div class=\"divider-wrap\" data-alignment=\"center\"><div style=\"margin-top: 5px; width: 200px; height: 5px; margin-bottom: 5px;\" data-width=\"200\" data-animate=\"\" data-animation-delay=\"\" data-color=\"extra-color-1\" class=\"divider-small-border\"><\/div><\/div>\n\t\t<\/div> \n\t<\/div>\n\t<\/div> \n\n\t<div  class=\"vc_col-sm-2 wpb_column column_container vc_column_container col child_column no-extra-padding inherit_tablet inherit_phone\"   data-padding-pos=\"all\" data-has-bg-color=\"false\" data-bg-color=\"\" data-bg-opacity=\"1\" data-animation=\"\" data-delay=\"0\">\n\t\t<div class=\"vc_column-inner\" >\n\t\t<div class=\"wpb_wrapper\">\n\t\t\t\n\t\t<\/div> \n\t<\/div>\n\t<\/div> \n<\/div><\/div>\n\t\t\t<\/div> \n\t\t<\/div>\n\t<\/div> \n<\/div><\/div>\r\n\t\t<div id=\"fws_69e796a10dd2e\"  data-column-margin=\"default\" data-midnight=\"dark\"  class=\"wpb_row vc_row-fluid vc_row full-width-section  vc_row-o-equal-height vc_row-flex\"  style=\"padding-top: 0px; padding-bottom: 0px; \"><div class=\"row-bg-wrap\" data-bg-animation=\"none\" data-bg-overlay=\"false\"><div class=\"inner-wrap\"><div class=\"row-bg using-bg-color\"  style=\"background-color: #ffffff; \"><\/div><\/div><\/div><div class=\"row_col_wrap_12 col span_12 dark left\">\n\t<div  class=\"vc_col-sm-2 wpb_column column_container vc_column_container col no-extra-padding inherit_tablet inherit_phone\"  data-padding-pos=\"all\" data-has-bg-color=\"false\" data-bg-color=\"\" data-bg-opacity=\"1\" data-animation=\"\" data-delay=\"0\" >\n\t\t<div class=\"vc_column-inner\" >\n\t\t\t<div class=\"wpb_wrapper\">\n\t\t\t\t\n\t\t\t<\/div> \n\t\t<\/div>\n\t<\/div> \n\n\t<div  class=\"vc_col-sm-8 wpb_column column_container vc_column_container col has-animation no-extra-padding inherit_tablet inherit_phone\"  data-padding-pos=\"all\" data-has-bg-color=\"false\" data-bg-color=\"\" data-bg-opacity=\"1\" data-animation=\"reveal-from-bottom\" data-delay=\"0\" >\n\t\t<div class=\"vc_column-inner\" >\n\t\t\t<div class=\"wpb_wrapper\">\n\t\t\t\t<div class=\"divider-wrap\" data-alignment=\"default\"><div style=\"height: 50px;\" class=\"divider\"><\/div><\/div><div class=\"nectar-highlighted-text\" data-style=\"full_text\" data-exp=\"default\" data-using-custom-color=\"true\" data-animation-delay=\"false\" data-color=\"#fed300\" data-color-gradient=\"\" style=\"\">\n<h2 style=\"text-align: center;\">Servicio<\/h2>\n<\/div><div class=\"toggles accordion\" data-starting=\"default\" data-style=\"minimal\"><div class=\"toggle extra-color-2\" data-inner-wrap=\"true\"><h3><a href=\"#\"><i class=\"fa fa-plus-circle\"><\/i>Proveedor con Activos Propios<\/a><\/h3><div><div class=\"inner-toggle-wrap\">\r\n<div class=\"wpb_text_column wpb_content_element\" >\r\n\t<div class=\"wpb_wrapper\">\r\n\t\t<p><span style=\"color: #1e73be;\">Conf\u00ede en la solidez de nuestra flota y nuestras instalaciones propias.<\/span> Como proveedor con activos propios, mantenemos control directo sobre camiones, almacenes y equipos, lo que garantiza un servicio confiable, capacidad constante y mayor flexibilidad para sus necesidades de transporte.<\/p>\n\t<\/div>\r\n<\/div>\r\n\r\n\r\n\r\n<\/div><\/div><\/div><div class=\"toggle extra-color-2\" data-inner-wrap=\"true\"><h3><a href=\"#\"><i class=\"fa fa-plus-circle\"><\/i>Servicios de Entrega (Drop-Off)<\/a><\/h3><div><div class=\"inner-toggle-wrap\">\r\n<div class=\"wpb_text_column wpb_content_element\" >\r\n\t<div class=\"wpb_wrapper\">\r\n\t\t<p class=\"Normal_Web_ tm6 tm7\">Simplifique sus procesos log\u00edsticos y elimine la necesidad de realizar arreglos de transporte adicionales. A trav\u00e9s de nuestras confiables operaciones con activos propios, <span style=\"color: #1e73be;\">entregamos sus productos a granel directamente a su almac\u00e9n o destino deseado.<\/span><\/p>\n\t<\/div>\r\n<\/div>\r\n\r\n\r\n\r\n\r\n<div class=\"wpb_text_column wpb_content_element\" >\r\n\t<div class=\"wpb_wrapper\">\r\n\t\t\t<\/div>\r\n<\/div>\r\n\r\n\r\n\r\n<\/div><\/div><\/div><div class=\"toggle extra-color-2\" data-inner-wrap=\"true\"><h3><a href=\"#\"><i class=\"fa fa-plus-circle\"><\/i>Carga y Descarga<\/a><\/h3><div><div class=\"inner-toggle-wrap\">\r\n<div class=\"wpb_text_column wpb_content_element\" >\r\n\t<div class=\"wpb_wrapper\">\r\n\t\t<p>Desde el transporte portuario (drayage) hasta el transporte terrestre, <span style=\"color: #1e73be;\">nuestro equipo experimentado garantiza una transici\u00f3n fluida<\/span> con transferencias especializadas de barco a cami\u00f3n, minimizando el tiempo de manipulaci\u00f3n y maximizando la productividad.<\/p>\n\t<\/div>\r\n<\/div>\r\n\r\n\r\n\r\n\r\n<div class=\"wpb_text_column wpb_content_element\" >\r\n\t<div class=\"wpb_wrapper\">\r\n\t\t\t<\/div>\r\n<\/div>\r\n\r\n\r\n\r\n<\/div><\/div><\/div><div class=\"toggle extra-color-2\" data-inner-wrap=\"true\"><h3><a href=\"#\"><i class=\"fa fa-plus-circle\"><\/i>Retiro Anticipado (Pre-Pull)<\/a><\/h3><div><div class=\"inner-toggle-wrap\">\r\n<div class=\"wpb_text_column wpb_content_element\" >\r\n\t<div class=\"wpb_wrapper\">\r\n\t\t<p class=\"Normal_Web_ tm6 tm7\"><span style=\"color: #1e73be;\">Evite cargos por demora y agilice su log\u00edstica.<\/span> Con nuestras soluciones aceleradas de carga contenerizada, garantizamos una transici\u00f3n sin interrupciones de su mercanc\u00eda desde el puerto hasta su destino, seg\u00fan su cronograma.<\/p>\n\t<\/div>\r\n<\/div>\r\n\r\n\r\n\r\n\r\n<div class=\"wpb_text_column wpb_content_element\" >\r\n\t<div class=\"wpb_wrapper\">\r\n\t\t\t<\/div>\r\n<\/div>\r\n\r\n\r\n\r\n<\/div><\/div><\/div><div class=\"toggle extra-color-2\" data-inner-wrap=\"true\"><h3><a href=\"#\"><i class=\"fa fa-plus-circle\"><\/i>Distribuci\u00f3n Aduanera<\/a><\/h3><div><div class=\"inner-toggle-wrap\">\r\n<div class=\"wpb_text_column wpb_content_element\" >\r\n\t<div class=\"wpb_wrapper\">\r\n\t\t<p class=\"Normal_Web_ tm6 tm7\"><span style=\"color: #1e73be;\">Nuestras instalaciones aduaneras ofrecen un entorno seguro para el almacenamiento y transporte<\/span>, respaldado por opciones de transporte intermodal y una experiencia confiable en el manejo de contenedores. Para vol\u00famenes de carga mayores, operamos dry vans, reefers y flatbeds.<\/p>\n\t<\/div>\r\n<\/div>\r\n\r\n\r\n\r\n\r\n<div class=\"wpb_text_column wpb_content_element\" >\r\n\t<div class=\"wpb_wrapper\">\r\n\t\t\t<\/div>\r\n<\/div>\r\n\r\n\r\n\r\n<\/div><\/div><\/div><\/div>\r\n\r\n\r\n\r\n\r\n\r\n\r\n\r\n\r\n\r\n\r\n\r\n\r\n\r\n\r\n\r\n\r\n\r\n\r\n\r\n\r\n<div class=\"wpb_text_column wpb_content_element\" >\r\n\t<div class=\"wpb_wrapper\">\r\n\t\t\t<\/div>\r\n<\/div>\r\n\r\n\r\n\r\n\n\t\t\t<\/div> \n\t\t<\/div>\n\t<\/div> \n\n\t<div  class=\"vc_col-sm-2 wpb_column column_container vc_column_container col no-extra-padding inherit_tablet inherit_phone\"  data-padding-pos=\"all\" data-has-bg-color=\"false\" data-bg-color=\"\" data-bg-opacity=\"1\" data-animation=\"\" data-delay=\"0\" >\n\t\t<div class=\"vc_column-inner\" >\n\t\t\t<div class=\"wpb_wrapper\">\n\t\t\t\t\n\t\t\t<\/div> \n\t\t<\/div>\n\t<\/div> \n\n\t<div  class=\"vc_col-sm-12 wpb_column column_container vc_column_container col no-extra-padding inherit_tablet inherit_phone\"  data-padding-pos=\"all\" data-has-bg-color=\"false\" data-bg-color=\"\" data-bg-opacity=\"1\" data-animation=\"\" data-delay=\"0\" >\n\t\t<div class=\"vc_column-inner\" >\n\t\t\t<div class=\"wpb_wrapper\">\n\t\t\t\t<div class=\"divider-wrap\" data-alignment=\"default\"><div style=\"margin-top: 12.5px; height: 3px; margin-bottom: 12.5px;\" data-width=\"100%\" data-animate=\"yes\" data-animation-delay=\"\" data-color=\"extra-color-1\" class=\"divider-border\"><\/div><\/div>\n\t\t\t<\/div> \n\t\t<\/div>\n\t<\/div> \n\n\t<div  class=\"vc_col-sm-12 wpb_column column_container vc_column_container col no-extra-padding inherit_tablet inherit_phone\"  data-padding-pos=\"all\" data-has-bg-color=\"false\" data-bg-color=\"\" data-bg-opacity=\"1\" data-animation=\"\" data-delay=\"0\" >\n\t\t<div class=\"vc_column-inner\" >\n\t\t\t<div class=\"wpb_wrapper\">\n\t\t\t\t<div class=\"img-with-aniamtion-wrap\" data-max-width=\"100%\" data-max-width-mobile=\"default\" data-shadow=\"none\" data-animation=\"fade-in\" >\r\n      <div class=\"inner\">\r\n        <div class=\"hover-wrap\"> \r\n          <div class=\"hover-wrap-inner\">\r\n            <img loading=\"lazy\" decoding=\"async\" class=\"img-with-animation skip-lazy\" data-delay=\"0\" height=\"762\" width=\"2126\" data-animation=\"fade-in\" src=\"https:\/\/transportnstore.com\/wp-content\/uploads\/2025\/08\/Screenshot-2025-08-28-at-2.56.13-PM.png\" alt=\"Transport&#039;nStore truck providing drayage services in our warehouse in Miami\" srcset=\"https:\/\/transportnstore.com\/wp-content\/uploads\/2025\/08\/Screenshot-2025-08-28-at-2.56.13-PM.png 2126w, https:\/\/transportnstore.com\/wp-content\/uploads\/2025\/08\/Screenshot-2025-08-28-at-2.56.13-PM-300x108.png 300w, https:\/\/transportnstore.com\/wp-content\/uploads\/2025\/08\/Screenshot-2025-08-28-at-2.56.13-PM-1024x367.png 1024w, https:\/\/transportnstore.com\/wp-content\/uploads\/2025\/08\/Screenshot-2025-08-28-at-2.56.13-PM-768x275.png 768w, https:\/\/transportnstore.com\/wp-content\/uploads\/2025\/08\/Screenshot-2025-08-28-at-2.56.13-PM-1536x551.png 1536w, https:\/\/transportnstore.com\/wp-content\/uploads\/2025\/08\/Screenshot-2025-08-28-at-2.56.13-PM-2048x734.png 2048w\" sizes=\"auto, (min-width: 1450px) 75vw, (min-width: 1000px) 85vw, 100vw\" \/>\r\n          <\/div>\r\n        <\/div>\r\n      <\/div>\r\n    <\/div><div class=\"divider-wrap\" data-alignment=\"default\"><div style=\"height: 10px;\" class=\"divider\"><\/div><\/div>\r\n<div class=\"wpb_text_column wpb_content_element\" >\r\n\t<div class=\"wpb_wrapper\">\r\n\t\t<h2 style=\"text-align: center;\">Servicios de Transporte Portuario (Drayage)<\/h2>\n\t<\/div>\r\n<\/div>\r\n\r\n\r\n\r\n<div class=\"divider-wrap\" data-alignment=\"default\"><div style=\"height: 10px;\" class=\"divider\"><\/div><\/div><div class=\"nectar-fancy-ul\" data-list-icon=\"fa fa-arrows\" data-animation=\"true\" data-animation-delay=\"0\" data-color=\"extra-color-2\" data-spacing=\"default\" data-alignment=\"left\"> \n<ul>\n<li data-start=\"164\" data-end=\"410\"><strong data-start=\"164\" data-end=\"189\">Transporte Portuario Intraoperador (Drayage Intra-Carrier)<\/strong><br data-start=\"189\" data-end=\"192\" \/>Movemos sus contenedores de manera eficiente dentro del mismo centro de transporte \u2014por ejemplo, trasladando la carga desde un \u00e1rea de espera directamente a una embarcaci\u00f3n\u2014. Esto garantiza que sus env\u00edos contin\u00faen en movimiento sin demoras innecesarias.<\/li>\n<li data-start=\"412\" data-end=\"595\"><strong data-start=\"412\" data-end=\"436\">Transporte Portuario Puerta a Puerta (Door-to-Door Drayage)<\/strong><br data-start=\"436\" data-end=\"439\" \/>Desde el puerto directamente hasta sus instalaciones, ofrecemos entrega directa a su almac\u00e9n o centro de distribuci\u00f3n, eliminando pasos adicionales y ahorr\u00e1ndole tiempo.<\/li>\n<li data-start=\"597\" data-end=\"857\"><strong data-start=\"597\" data-end=\"616\">Transporte Portuario Shuttle (Shuttle Drayage)<\/strong><br data-start=\"616\" data-end=\"619\" \/>Cuando los puertos o terminales alcanzan su capacidad, ofrecemos servicio de transporte portuario shuttle hacia instalaciones de almacenamiento cercanas.\nNuestro equipo mantiene sus contenedores en movimiento entre ubicaciones externas y el centro principal hasta que haya espacio disponible, evitando costosas tarifas por congesti\u00f3n.<\/li>\n<li data-start=\"859\" data-end=\"1067\"><strong data-start=\"859\" data-end=\"875\">Transporte Portuario de Muelle (Pier Drayage)<\/strong><br data-start=\"875\" data-end=\"878\" \/>Nos especializamos en el traslado de contenedores desde muelles y embarcaderos hacia terminales ferroviarias, almacenes u otros puertos. Nuestra experiencia en transporte portuario de muelle (pier drayage) garantiza transferencias fluidas tanto para importaciones como para exportaciones.<\/li>\n<li data-start=\"1069\" data-end=\"1259\"><strong data-start=\"1069\" data-end=\"1090\">Transporte Portuario Acelerado (Expedited Drayage)<\/strong><br data-start=\"1090\" data-end=\"1093\" \/>Cuando el tiempo es cr\u00edtico, nuestros servicios de transporte portuario acelerado (expedited drayage) garantizan la entrega r\u00e1pida y confiable de su carga sensible o urgente, minimizando los tiempos de inactividad en su cadena de suministro.<\/li>\n<\/ul>\n <\/div>\n\t\t\t<\/div> \n\t\t<\/div>\n\t<\/div> \n<\/div><\/div>\r\n\t\t<div id=\"fws_69e796a10ecf6\"  data-column-margin=\"default\" data-midnight=\"dark\"  class=\"wpb_row vc_row-fluid vc_row full-width-section  vc_row-o-equal-height vc_row-flex\"  style=\"padding-top: 0px; padding-bottom: 0px; \"><div class=\"row-bg-wrap\" data-bg-animation=\"none\" data-bg-overlay=\"false\"><div class=\"inner-wrap\"><div class=\"row-bg using-bg-color\"  style=\"background-color: #ffffff; \"><\/div><\/div><\/div><div class=\"row_col_wrap_12 col span_12 dark left\">\n\t<div  class=\"vc_col-sm-12 wpb_column column_container vc_column_container col no-extra-padding inherit_tablet inherit_phone\"  data-padding-pos=\"all\" data-has-bg-color=\"false\" data-bg-color=\"\" data-bg-opacity=\"1\" data-animation=\"\" data-delay=\"0\" >\n\t\t<div class=\"vc_column-inner\" >\n\t\t\t<div class=\"wpb_wrapper\">\n\t\t\t\t<div id=\"fws_69e796a10edf7\" data-midnight=\"\" data-column-margin=\"default\" class=\"wpb_row vc_row-fluid vc_row inner_row  vc_row-o-equal-height vc_row-flex  vc_custom_1690574747748\"  style=\"\"><div class=\"row-bg-wrap\"> <div class=\"row-bg\" ><\/div> <\/div><div class=\"row_col_wrap_12_inner col span_12  left\">\n\t<div style=\" color: #333333;\" class=\"vc_col-sm-8 wpb_column column_container vc_column_container col child_column has-animation padding-5-percent inherit_tablet inherit_phone\" data-cfc=\"true\"  data-padding-pos=\"all\" data-has-bg-color=\"false\" data-bg-color=\"\" data-bg-opacity=\"1\" data-animation=\"reveal-from-bottom\" data-delay=\"0\">\n\t\t<div class=\"vc_column-inner\" >\n\t\t<div class=\"wpb_wrapper\">\n\t\t\t\r\n<div class=\"wpb_text_column wpb_content_element\" >\r\n\t<div class=\"wpb_wrapper\">\r\n\t\t<h2>\u00a1Cont\u00e1ctenos hoy mismo!<\/h2>\n\t<\/div>\r\n<\/div>\r\n\r\n\r\n\r\n\r\n<div class=\"wpb_text_column wpb_content_element\" >\r\n\t<div class=\"wpb_wrapper\">\r\n\t\t<p>Contact us today to discuss your unique requirements and learn how our technology and team can optimize your business\u2019 supply-chain.<\/p>\n\t<\/div>\r\n<\/div>\r\n\r\n\r\n\r\n\n\t\t<\/div> \n\t<\/div>\n\t<\/div> \n\n\t<div  class=\"vc_col-sm-4 wpb_column column_container vc_column_container col child_column has-animation padding-5-percent inherit_tablet inherit_phone\"   data-padding-pos=\"all\" data-has-bg-color=\"false\" data-bg-color=\"\" data-bg-opacity=\"1\" data-animation=\"fade-in-from-right\" data-delay=\"0\">\n\t\t<div class=\"vc_column-inner\" >\n\t\t<div class=\"wpb_wrapper\">\n\t\t\t<a class=\"nectar-button large see-through accent-color\"  style=\"margin-top: 20px; margin-right: 20px; margin-bottom: 20px; margin-left: 20px;\"  href=\"https:\/\/transportnstore.com\/es\/#form_home_ancla\" data-color-override=\"false\" data-hover-color-override=\"false\" data-hover-text-color-override=\"#fff\"><span>Solicite una cotizaci\u00f3n<\/span><\/a>\n\t\t<\/div> \n\t<\/div>\n\t<\/div> \n<\/div><\/div><div class=\"divider-wrap\" data-alignment=\"default\"><div style=\"height: 100px;\" class=\"divider\"><\/div><\/div>\n\t\t\t<\/div> \n\t\t<\/div>\n\t<\/div> \n<\/div><\/div>","protected":false},"excerpt":{"rendered":"","protected":false},"author":1,"featured_media":0,"parent":0,"menu_order":0,"comment_status":"closed","ping_status":"closed","template":"","meta":{"footnotes":""},"class_list":["post-6976","page","type-page","status-publish"],"aioseo_notices":[],"_links":{"self":[{"href":"https:\/\/transportnstore.com\/es\/wp-json\/wp\/v2\/pages\/6976","targetHints":{"allow":["GET"]}}],"collection":[{"href":"https:\/\/transportnstore.com\/es\/wp-json\/wp\/v2\/pages"}],"about":[{"href":"https:\/\/transportnstore.com\/es\/wp-json\/wp\/v2\/types\/page"}],"author":[{"embeddable":true,"href":"https:\/\/transportnstore.com\/es\/wp-json\/wp\/v2\/users\/1"}],"replies":[{"embeddable":true,"href":"https:\/\/transportnstore.com\/es\/wp-json\/wp\/v2\/comments?post=6976"}],"version-history":[{"count":13,"href":"https:\/\/transportnstore.com\/es\/wp-json\/wp\/v2\/pages\/6976\/revisions"}],"predecessor-version":[{"id":7061,"href":"https:\/\/transportnstore.com\/es\/wp-json\/wp\/v2\/pages\/6976\/revisions\/7061"}],"wp:attachment":[{"href":"https:\/\/transportnstore.com\/es\/wp-json\/wp\/v2\/media?parent=6976"}],"curies":[{"name":"wp","href":"https:\/\/api.w.org\/{rel}","templated":true}]}}